{"id":865,"date":"2023-06-15T07:23:51","date_gmt":"2023-06-15T05:23:51","guid":{"rendered":"https:\/\/poch.dms3labs.cat\/politica-de-cookies\/"},"modified":"2024-07-19T09:16:01","modified_gmt":"2024-07-19T07:16:01","slug":"politica-de-cookies","status":"publish","type":"page","link":"https:\/\/www.pochabogados.com\/ca\/politica-de-cookies\/","title":{"rendered":"Pol\u00edtica de cookies"},"content":{"rendered":"<p>[et_pb_section fb_built=&#8221;1&#8243; _builder_version=&#8221;4.16&#8243; global_colors_info=&#8221;{}&#8221;][et_pb_row _builder_version=&#8221;4.16&#8243; background_size=&#8221;initial&#8221; background_position=&#8221;top_left&#8221; background_repeat=&#8221;repeat&#8221; hover_enabled=&#8221;0&#8243; global_colors_info=&#8221;{}&#8221; sticky_enabled=&#8221;0&#8243;][et_pb_column type=&#8221;4_4&#8243; _builder_version=&#8221;4.16&#8243; custom_padding=&#8221;|||&#8221; global_colors_info=&#8221;{}&#8221; custom_padding__hover=&#8221;|||&#8221;][et_pb_text _builder_version=&#8221;4.24.0&#8243; _module_preset=&#8221;default&#8221; hover_enabled=&#8221;0&#8243; sticky_enabled=&#8221;0&#8243;]<\/p>\n<h1>Pol\u00edtica de cookies<\/h1>\n<p>[\/et_pb_text][et_pb_text _builder_version=&#8221;4.16&#8243; background_size=&#8221;initial&#8221; background_position=&#8221;top_left&#8221; background_repeat=&#8221;repeat&#8221; global_colors_info=&#8221;{}&#8221;]<\/p>\n<h2>Sobre aquesta pol\u00edtica de cookies.<\/h2>\n<p>Aquesta Pol\u00edtica de Cookies explica qu\u00e8 s\u00f3n les cookies i com les utilitzem. Ha de llegir aquesta pol\u00edtica per a entendre qu\u00e8 s\u00f3n les cookies, com les utilitzem, els tipus de cookies que utilitzem, \u00e9s a dir, la informaci\u00f3 que recopilem utilitzant cookies i com s&#8217;utilitza aquesta informaci\u00f3 i com controlar les prefer\u00e8ncies de cookies. Per a m\u00e9s informaci\u00f3 sobre com utilitzem, emmagatzemem i mantenim segurs les seves dades personals, consulti la nostra Pol\u00edtica de privacitat. Pot canviar o retirar el seu consentiment en qualsevol moment en la Declaraci\u00f3 de Cookies del nostre lloc web. Obtingui m\u00e9s informaci\u00f3 sobre qui som, com pot posar-se en contacte amb nosaltres i com processem les dades personals en la nostra Pol\u00edtica de privacitat. El seu consentiment s&#8217;aplica als seg\u00fcents dominis: www.pochabogados.com<\/p>\n<p>[user_consent_state]<\/p>\n<h3><\/h3>\n<h2>Qu\u00e8 s\u00f3n les cookies?<\/h2>\n<p>Les cookies s\u00f3n petits arxius de text que s&#8217;utilitzen per a emmagatzemar petites peces d&#8217;informaci\u00f3. Les cookies s&#8217;emmagatzemen en el seu dispositiu quan es carrega el lloc web en el seu navegador. Aquestes cookies ens ajuden a fer que el lloc web funcioni correctament, al fet que el lloc web sigui m\u00e9s segur, a proporcionar una millor experi\u00e8ncia d&#8217;usuari i a entendre com funciona el lloc web i analitzar qu\u00e8 funciona i en quins aspectes necessita millores.<\/p>\n<h3><\/h3>\n<h2>Com utilitzem les cookies?<\/h2>\n<p>Com la majoria dels serveis en l\u00ednia, el nostre lloc web utilitza cookies pr\u00f2pies i de tercers per a diversos fins. Les cookies d&#8217;origen s\u00f3n en la seva majoria necess\u00e0ries perqu\u00e8 el lloc web funcioni correctament i no recopilen cap dada personal identificable. Les cookies de tercers utilitzades en els nostres llocs web s&#8217;empren principalment per a comprendre el funcionament del lloc web, com interactua vost\u00e8 amb el nostre lloc web, mantenir la seguretat dels nostres serveis, oferir anuncis que siguin rellevants per a vost\u00e8 i, en definitiva, proporcionar-li una experi\u00e8ncia d&#8217;usuari millor i m\u00e9s r\u00e0pida i ajudar-lo a agilitzar les seves futures interaccions amb el nostre lloc web.<\/p>\n<h2>Quins tipus de cookies utilitzem?<\/h2>\n<p>Les cookies utilitzades en el nostre lloc web s&#8217;agrupen en les seg\u00fcents categories.<\/p>\n<div>[cookie_category]<\/div>\n<div><\/div>\n<p>La seg\u00fcent llista detalla les cookies utilitzades en el nostre lloc web.<\/p>\n<p>[cookie_audit_category columns=&#8221;cookie,description&#8221;]<\/p>\n<h3><\/h3>\n<h2>Com puc controlar les prefer\u00e8ncies de cookies?<\/h2>\n<p class=\"cli_pg_page_contaner\">Pot gestionar les seves prefer\u00e8ncies de cookies fent clic en el bot\u00f3 &#8220;Configuraci\u00f3&#8221; i activant o desactivant les categories de cookies en la finestra emergent segons les seves prefer\u00e8ncies. Si decideix canviar les seves prefer\u00e8ncies m\u00e9s endavant durant la seva sessi\u00f3 de navegaci\u00f3, pot fer clic en la pestanya &#8220;Gestionar consentiment&#8221; de la seva pantalla. Apareixer\u00e0 de nou l&#8217;av\u00eds de consentiment, que li permetr\u00e0 canviar les seves prefer\u00e8ncies o retirar totalment el seu consentiment. A m\u00e9s, els diferents navegadors ofereixen diferents m\u00e8todes per a bloquejar i eliminar les cookies utilitzades pels llocs web. Pot canviar la configuraci\u00f3 del seu navegador per a bloquejar\/eliminar les cookies. Per a saber m\u00e9s sobre com gestionar i eliminar les cookies, visiti wikipedia.org, www.allaboutcookies.org.<\/p>\n<p>[\/et_pb_text][\/et_pb_column][\/et_pb_row][\/et_pb_section]<\/p>\n","protected":false},"excerpt":{"rendered":"<p>Pol\u00edtica de cookiesSobre aquesta pol\u00edtica de cookies. Aquesta Pol\u00edtica de Cookies explica qu\u00e8 s\u00f3n les cookies i com les utilitzem. Ha de llegir aquesta pol\u00edtica per a entendre qu\u00e8 s\u00f3n les cookies, com les utilitzem, els tipus de cookies que utilitzem, \u00e9s a dir, la informaci\u00f3 que recopilem utilitzant cookies i com s&#8217;utilitza aquesta informaci\u00f3 [&hellip;]<\/p>\n","protected":false},"author":1,"featured_media":0,"parent":0,"menu_order":0,"comment_status":"closed","ping_status":"closed","template":"","meta":{"_et_pb_use_builder":"on","_et_pb_old_content":"","_et_gb_content_width":"","footnotes":""},"dipi_cpt_category":[],"class_list":["post-865","page","type-page","status-publish","hentry"],"_links":{"self":[{"href":"https:\/\/www.pochabogados.com\/ca\/wp-json\/wp\/v2\/pages\/865","targetHints":{"allow":["GET"]}}],"collection":[{"href":"https:\/\/www.pochabogados.com\/ca\/wp-json\/wp\/v2\/pages"}],"about":[{"href":"https:\/\/www.pochabogados.com\/ca\/wp-json\/wp\/v2\/types\/page"}],"author":[{"embeddable":true,"href":"https:\/\/www.pochabogados.com\/ca\/wp-json\/wp\/v2\/users\/1"}],"replies":[{"embeddable":true,"href":"https:\/\/www.pochabogados.com\/ca\/wp-json\/wp\/v2\/comments?post=865"}],"version-history":[{"count":7,"href":"https:\/\/www.pochabogados.com\/ca\/wp-json\/wp\/v2\/pages\/865\/revisions"}],"predecessor-version":[{"id":1770,"href":"https:\/\/www.pochabogados.com\/ca\/wp-json\/wp\/v2\/pages\/865\/revisions\/1770"}],"wp:attachment":[{"href":"https:\/\/www.pochabogados.com\/ca\/wp-json\/wp\/v2\/media?parent=865"}],"wp:term":[{"taxonomy":"dipi_cpt_category","embeddable":true,"href":"https:\/\/www.pochabogados.com\/ca\/wp-json\/wp\/v2\/dipi_cpt_category?post=865"}],"curies":[{"name":"wp","href":"https:\/\/api.w.org\/{rel}","templated":true}]}}