{"id":675,"date":"2023-06-05T08:50:44","date_gmt":"2023-06-05T06:50:44","guid":{"rendered":"https:\/\/poch.dms3labs.cat\/la-firma\/"},"modified":"2024-07-19T09:17:16","modified_gmt":"2024-07-19T07:17:16","slug":"la-firma","status":"publish","type":"page","link":"https:\/\/www.pochabogados.com\/ca\/la-firma\/","title":{"rendered":"La Firma"},"content":{"rendered":"<p>[et_pb_section fb_built=&#8221;1&#8243; _builder_version=&#8221;4.21.0&#8243; _module_preset=&#8221;d96af435-0f7c-471f-a3c4-f5602081b4fc&#8221; background_image=&#8221;https:\/\/www.pochabogados.com\/wp-content\/uploads\/2023\/06\/La-Firma-Poch-Abogados-Asociados-scaled.jpg&#8221; bottom_divider_color=&#8221;#FFFFFF&#8221; locked=&#8221;off&#8221; global_colors_info=&#8221;{}&#8221;][et_pb_row _builder_version=&#8221;4.21.0&#8243; _module_preset=&#8221;default&#8221; global_colors_info=&#8221;{}&#8221;][et_pb_column type=&#8221;4_4&#8243; _builder_version=&#8221;4.21.0&#8243; _module_preset=&#8221;default&#8221; global_colors_info=&#8221;{}&#8221;][et_pb_text _builder_version=&#8221;4.24.0&#8243; _module_preset=&#8221;57696a17-fd0f-4269-9d58-8ceaa8ea5b55&#8243; hover_enabled=&#8221;0&#8243; global_colors_info=&#8221;{}&#8221; sticky_enabled=&#8221;0&#8243;]<\/p>\n<h1>Assessorament legal complet i especialitzat<\/h1>\n<h2>La firma: Poch &amp; Abogados Asociados<\/h2>\n<p>A Poch &amp; Abogados Asociados trobar\u00e0s un equip de persones que et prestaran un assessorament legal complet i especialitzat en l&#8217;\u00e0mbit empresarial amb un tracte directe, perqu\u00e8 creiem que el nostre servei s&#8217;ha de regir per una relaci\u00f3 client-advocat de confian\u00e7a.<\/p>\n<p>[\/et_pb_text][\/et_pb_column][\/et_pb_row][et_pb_row _builder_version=&#8221;4.21.0&#8243; _module_preset=&#8221;default&#8221; global_colors_info=&#8221;{}&#8221;][et_pb_column type=&#8221;4_4&#8243; _builder_version=&#8221;4.21.0&#8243; _module_preset=&#8221;default&#8221; global_colors_info=&#8221;{}&#8221;][et_pb_text _builder_version=&#8221;4.21.0&#8243; _module_preset=&#8221;ba14c6a9-391c-4420-b659-88cafd924538&#8243; global_colors_info=&#8221;{}&#8221;]<\/p>\n<p>Truca&#8217;ns avui<br \/><a href=\"tel:+34938042061\">93 804 20 61<\/a><\/p>\n<p>[\/et_pb_text][\/et_pb_column][\/et_pb_row][\/et_pb_section][et_pb_section fb_built=&#8221;1&#8243; _builder_version=&#8221;4.21.0&#8243; _module_preset=&#8221;default&#8221; locked=&#8221;off&#8221; global_colors_info=&#8221;{}&#8221;][et_pb_row _builder_version=&#8221;4.21.0&#8243; _module_preset=&#8221;default&#8221; locked=&#8221;off&#8221; global_colors_info=&#8221;{}&#8221;][et_pb_column type=&#8221;4_4&#8243; _builder_version=&#8221;4.21.0&#8243; _module_preset=&#8221;default&#8221; global_colors_info=&#8221;{}&#8221;][et_pb_text _builder_version=&#8221;4.21.0&#8243; _module_preset=&#8221;default&#8221; global_colors_info=&#8221;{}&#8221;]<\/p>\n<h2>Experi\u00e8ncia, professionalitat i relaci\u00f3 directa amb el client<\/h2>\n<p>La nostra organitzaci\u00f3 especialitzada en dret empresarial ens permet proporcionar professionals adequats per a cada especialitat del m\u00f3n empresarial, fet que comporta la implicaci\u00f3, moltes vegades, de la major part del nostre equip per\u00f2 sempre amb la coordinaci\u00f3 necess\u00e0ria amb la finalitat de resoldre qualsevol problema des d&#8217;una perspectiva global i al mateix temps individualitzada i en un entorn de total confidencialitat.<\/p>\n<p>[\/et_pb_text][\/et_pb_column][\/et_pb_row][\/et_pb_section][et_pb_section fb_built=&#8221;1&#8243; _builder_version=&#8221;4.21.0&#8243; _module_preset=&#8221;default&#8221; background_color=&#8221;#F2EFE9&#8243; global_colors_info=&#8221;{}&#8221;][et_pb_row column_structure=&#8221;1_2,1_2&#8243; _builder_version=&#8221;4.21.0&#8243; _module_preset=&#8221;3052bcdb-2bd5-48a5-b68b-0511da691e66&#8243; locked=&#8221;off&#8221; global_colors_info=&#8221;{}&#8221;][et_pb_column type=&#8221;1_2&#8243; _builder_version=&#8221;4.21.0&#8243; _module_preset=&#8221;default&#8221; global_colors_info=&#8221;{}&#8221;][et_pb_text _builder_version=&#8221;4.21.0&#8243; _module_preset=&#8221;default&#8221; global_colors_info=&#8221;{}&#8221;]<\/p>\n<h2>Especialitat de la firma: assessorament jur\u00eddic integral<\/h2>\n<p>Poch &amp; Abogados Asociados va iniciar les seves activitats en 1979 sota la direcci\u00f3 del seu soci fundador, Josep Poch Villamayor, i durant la seva traject\u00f2ria de m\u00e9s de 30 anys s&#8217;ha especialitzat en l&#8217;assessorament jur\u00eddic integral de la petita i mitjana empresa i de l&#8217;empresari individual.<\/p>\n<p>Sota la forma actual de Societat Professional, la firma compta amb un equip format per 4 advocats, 3 economistes i diversos col\u00b7laboradors distribu\u00efts a diferents zones geogr\u00e0fiques. La nostra seu central es mant\u00e9 en la seva ubicaci\u00f3 origin\u00e0ria, a Igualada, encara que s&#8217;han obert oficines a Piera i Barcelona a causa de la proximitat de molts dels nostres clients a aquestes \u00e0rees geogr\u00e0fiques.<\/p>\n<p>La firma tamb\u00e9 disposa d&#8217;una xarxa de despatxos col\u00b7laboradors amb tercers pa\u00efsos que permeten coordinar l&#8217;assessorament jur\u00eddic integral prestat per la signatura amb les necessitats jur\u00eddiques que la internacionalitzaci\u00f3 de l&#8217;empresa comporta.<\/p>\n<p>[\/et_pb_text][\/et_pb_column][et_pb_column type=&#8221;1_2&#8243; _builder_version=&#8221;4.21.0&#8243; _module_preset=&#8221;default&#8221; global_colors_info=&#8221;{}&#8221;][et_pb_image src=&#8221;https:\/\/www.pochabogados.com\/wp-content\/uploads\/2023\/06\/nuestro-equipo.jpg&#8221; alt=&#8221;El nostre equip&#8221; title_text=&#8221;el-nostre-equip&#8221; _builder_version=&#8221;4.21.0&#8243; _module_preset=&#8221;default&#8221; global_colors_info=&#8221;{}&#8221;][\/et_pb_image][\/et_pb_column][\/et_pb_row][et_pb_row _builder_version=&#8221;4.21.0&#8243; _module_preset=&#8221;default&#8221; global_colors_info=&#8221;{}&#8221;][et_pb_column type=&#8221;4_4&#8243; _builder_version=&#8221;4.21.0&#8243; _module_preset=&#8221;default&#8221; global_colors_info=&#8221;{}&#8221;][et_pb_button button_url=&#8221;@ET-DC@eyJkeW5hbWljIjp0cnVlLCJjb250ZW50IjoicG9zdF9saW5rX3VybF9wYWdlIiwic2V0dGluZ3MiOnsicG9zdF9pZCI6IjI2IiwiZW5hYmxlX2h0bWwiOiJvZmYifX0=@&#8221; button_text=&#8221;Els nostres serveis&#8221; _builder_version=&#8221;4.24.0&#8243; _dynamic_attributes=&#8221;button_url&#8221; _module_preset=&#8221;a279910e-d305-4ec9-aa0f-20bdbb53d3fa&#8221; hover_enabled=&#8221;0&#8243; global_colors_info=&#8221;{}&#8221; sticky_enabled=&#8221;0&#8243;][\/et_pb_button][\/et_pb_column][\/et_pb_row][\/et_pb_section][et_pb_section fb_built=&#8221;1&#8243; _builder_version=&#8221;4.21.0&#8243; _module_preset=&#8221;default&#8221; global_colors_info=&#8221;{}&#8221;][et_pb_row column_structure=&#8221;1_2,1_2&#8243; _builder_version=&#8221;4.21.0&#8243; _module_preset=&#8221;default&#8221; locked=&#8221;off&#8221; global_colors_info=&#8221;{}&#8221;][et_pb_column type=&#8221;1_2&#8243; _builder_version=&#8221;4.21.0&#8243; _module_preset=&#8221;default&#8221; global_colors_info=&#8221;{}&#8221;][et_pb_text _builder_version=&#8221;4.21.0&#8243; _module_preset=&#8221;default&#8221; global_colors_info=&#8221;{}&#8221;]<\/p>\n<h2>\u00c8tica i comprom\u00eds professional<\/h2>\n<p>La nostra feina es basa en l&#8217;\u00e8tica professional m\u00e9s estricta, ja que nom\u00e9s d&#8217;aquesta manera es pot aconseguir un servei efica\u00e7 i de confian\u00e7a.<\/p>\n<p>El nostre comprom\u00eds \u00e9s solucionar els problemes dels nostres clients i atendre cadascun dels seus enc\u00e0rrecs confiats amb plena dedicaci\u00f3 i amb el convenciment que la rapidesa en la resposta i la relaci\u00f3 directa advocat-client s\u00f3n eines indispensables per a poder aconseguir bons resultats.[\/et_pb_text][et_pb_button button_url=&#8221;@ET-DC@eyJkeW5hbWljIjp0cnVlLCJjb250ZW50IjoicG9zdF9saW5rX3VybF9wYWdlIiwic2V0dGluZ3MiOnsicG9zdF9pZCI6IjI0IiwiZW5hYmxlX2h0bWwiOiJvZmYifX0=@&#8221; button_text=&#8221;Con\u00e8ixer a l&#039;equip&#8221; _builder_version=&#8221;4.21.0&#8243; _dynamic_attributes=&#8221;button_url&#8221; _module_preset=&#8221;default&#8221; global_colors_info=&#8221;{}&#8221;][\/et_pb_button][\/et_pb_column][et_pb_column type=&#8221;1_2&#8243; _builder_version=&#8221;4.21.0&#8243; _module_preset=&#8221;default&#8221; global_colors_info=&#8221;{}&#8221;][et_pb_text _builder_version=&#8221;4.21.0&#8243; _module_preset=&#8221;687139e3-b74f-4727-9b33-efe9ac12b80b&#8221; global_colors_info=&#8221;{}&#8221;]<\/p>\n<p>Tots els assumptes i projectes del despatx estan dirigits personalment per un soci que assumeix la responsabilitat enfront del client i coordina l&#8217;assessorament indispensable que han de prestar els advocats de les diferents \u00e0rees d&#8217;especialitzaci\u00f3.<\/p>\n<p>[\/et_pb_text][\/et_pb_column][\/et_pb_row][\/et_pb_section][et_pb_section fb_built=&#8221;1&#8243; _builder_version=&#8221;4.21.0&#8243; _module_preset=&#8221;default&#8221; global_colors_info=&#8221;{}&#8221;][et_pb_row column_structure=&#8221;1_3,1_3,1_3&#8243; _builder_version=&#8221;4.21.0&#8243; _module_preset=&#8221;default&#8221; locked=&#8221;off&#8221; global_colors_info=&#8221;{}&#8221;][et_pb_column type=&#8221;1_3&#8243; _builder_version=&#8221;4.21.0&#8243; _module_preset=&#8221;default&#8221; global_colors_info=&#8221;{}&#8221;][et_pb_cta title=&#8221;Oficina d&#039;advocats Igualada&#8221; _builder_version=&#8221;4.24.0&#8243; _module_preset=&#8221;cbd61593-1d01-49d7-bfc4-6a4e282f6f9c&#8221; hover_enabled=&#8221;0&#8243; global_colors_info=&#8221;{}&#8221; sticky_enabled=&#8221;0&#8243;]<\/p>\n<p>Avinguda Balmes,13, 1\u00ba<br \/>08700 Igualada (Barcelona)<br \/><a href=\"tel:+34938042061\">T. +34 93 804 20 61<\/a><br \/>F. +34 93 805 12 41<br \/><a href=\"mailto:info@pochabogados.com\">info@pochabogados.com<\/a><\/p>\n<p>[\/et_pb_cta][\/et_pb_column][et_pb_column type=&#8221;1_3&#8243; _builder_version=&#8221;4.21.0&#8243; _module_preset=&#8221;default&#8221; global_colors_info=&#8221;{}&#8221;][et_pb_cta title=&#8221;Oficina d&#039;advocats Piera&#8221; _builder_version=&#8221;4.24.0&#8243; _module_preset=&#8221;cbd61593-1d01-49d7-bfc4-6a4e282f6f9c&#8221; hover_enabled=&#8221;0&#8243; global_colors_info=&#8221;{}&#8221; sticky_enabled=&#8221;0&#8243;]<\/p>\n<p>Piereta, 14 entresols<br \/>08784 Piera (Barcelona)<br \/><a href=\"tel:+34937760201\">T. +34 93 776 02 01<\/a><br \/>F. +34 93 778 85 58<br \/><a href=\"mailto:info@pochabogados.com\">info@pochabogados.com<\/a><\/p>\n<p>[\/et_pb_cta][\/et_pb_column][et_pb_column type=&#8221;1_3&#8243; _builder_version=&#8221;4.21.0&#8243; _module_preset=&#8221;default&#8221; global_colors_info=&#8221;{}&#8221;][et_pb_cta title=&#8221;Oficina d&#039;advocats Barcelona&#8221; _builder_version=&#8221;4.24.0&#8243; _module_preset=&#8221;cbd61593-1d01-49d7-bfc4-6a4e282f6f9c&#8221; hover_enabled=&#8221;0&#8243; global_colors_info=&#8221;{}&#8221; sticky_enabled=&#8221;0&#8243;]<\/p>\n<p>Aribau, 80 7\u00ba 1\u00aa<br \/>08036 Barcelona<br \/><a href=\"tel:+34934194511\">T. +34 93 419 45 11<\/a><br \/>F. +34 93 322 45 12<br \/><a href=\"mailto:info@pochabogados.com\">info@pochabogados.com<\/a><\/p>\n<p>[\/et_pb_cta][\/et_pb_column][\/et_pb_row][\/et_pb_section]<\/p>\n","protected":false},"excerpt":{"rendered":"<p>Assessorament legal complet i especialitzat La firma: Poch &amp; Abogados Asociados A Poch &amp; Abogados Asociados trobar\u00e0s un equip de persones que et prestaran un assessorament legal complet i especialitzat en l&#8217;\u00e0mbit empresarial amb un tracte directe, perqu\u00e8 creiem que el nostre servei s&#8217;ha de regir per una relaci\u00f3 client-advocat de confian\u00e7a.Truca&#8217;ns avui93 804 20 [&hellip;]<\/p>\n","protected":false},"author":1,"featured_media":0,"parent":0,"menu_order":0,"comment_status":"closed","ping_status":"closed","template":"","meta":{"_et_pb_use_builder":"on","_et_pb_old_content":"","_et_gb_content_width":"","footnotes":""},"dipi_cpt_category":[],"class_list":["post-675","page","type-page","status-publish","hentry"],"_links":{"self":[{"href":"https:\/\/www.pochabogados.com\/ca\/wp-json\/wp\/v2\/pages\/675","targetHints":{"allow":["GET"]}}],"collection":[{"href":"https:\/\/www.pochabogados.com\/ca\/wp-json\/wp\/v2\/pages"}],"about":[{"href":"https:\/\/www.pochabogados.com\/ca\/wp-json\/wp\/v2\/types\/page"}],"author":[{"embeddable":true,"href":"https:\/\/www.pochabogados.com\/ca\/wp-json\/wp\/v2\/users\/1"}],"replies":[{"embeddable":true,"href":"https:\/\/www.pochabogados.com\/ca\/wp-json\/wp\/v2\/comments?post=675"}],"version-history":[{"count":27,"href":"https:\/\/www.pochabogados.com\/ca\/wp-json\/wp\/v2\/pages\/675\/revisions"}],"predecessor-version":[{"id":1777,"href":"https:\/\/www.pochabogados.com\/ca\/wp-json\/wp\/v2\/pages\/675\/revisions\/1777"}],"wp:attachment":[{"href":"https:\/\/www.pochabogados.com\/ca\/wp-json\/wp\/v2\/media?parent=675"}],"wp:term":[{"taxonomy":"dipi_cpt_category","embeddable":true,"href":"https:\/\/www.pochabogados.com\/ca\/wp-json\/wp\/v2\/dipi_cpt_category?post=675"}],"curies":[{"name":"wp","href":"https:\/\/api.w.org\/{rel}","templated":true}]}}